{"id":112,"date":"2014-06-16T13:54:19","date_gmt":"2014-06-16T11:54:19","guid":{"rendered":"http:\/\/muldrato.com\/?page_id=112"},"modified":"2014-09-26T15:01:23","modified_gmt":"2014-09-26T13:01:23","slug":"services","status":"publish","type":"page","link":"https:\/\/muldrato.com\/de\/services\/","title":{"rendered":"Services"},"content":{"rendered":"<div class=\"row \"> <div class=\"col-lg-9 col-md-9 col-xs-12 col-sm-9\"><\/p>\n<h3 style=\"text-align: center;\">Unsere Dienstleistungen<\/h3>\n<p><span lang=\"pl-PL\">M<\/span>\u00f6chte<span lang=\"pl-PL\">n Sie<\/span>\u00a0Ihre Zeichnungen \u00fcbersetzen oder bevorzug<span lang=\"pl-PL\">en Sie<\/span> Outsourcing-L\u00f6sungen? <span lang=\"pl-PL\">Testen Sie<\/span>\u00a0<span lang=\"pl-PL\">unsere Dienstleistungen! <\/span> <span lang=\"pl-PL\">Senden\u00a0Sie Ihre Zeichnungen an uns und wir <\/span>\u00fcbersetzen sie f\u00fcr Sie<span lang=\"pl-PL\">.<\/span><\/p>\n<p lang=\"de-DE\">Als eine Alternative zu unseren Programmen erweiterten wir unser\u00a0Angebot um die \u00dcbersetzungs-Dienstleistungen f\u00fcr die CAD- und CAT-Dokumente, sowie um Export und Import von Texten aus den DXF\/DWG-Zeichnungen in das MS-Excel-Format, XLIFF-Format und andere.<\/p>\n<p lang=\"de-DE\">Beide Dienstleistungen <span lang=\"pl-PL\">basieren auf dem<\/span>\u00a0\u00dcbersetzungsprogramm \u2013 Muldrato\u00a9. Dieses Programm garantiert hohe Qualit\u00e4t der \u00fcbersetzten Zeichnungen <span lang=\"pl-PL\">(\u201eTrusted DWG\u201d-Status).<\/span><\/p>\n<p lang=\"pl-PL\"><span lang=\"de-DE\">Wir bieten zwei Variante der Dienstleistung an<\/span>:<\/p>\n<ol type=\"I\">\n<li>\n<p lang=\"pl-PL\"><span style=\"color: #3366ff;\">Muldrato\u00a9-Dienstleistung<\/span><\/p>\n<\/li>\n<\/ol>\n<ul>\n<li>\n<p lang=\"pl-PL\"><span lang=\"de-DE\">vollst\u00e4ndige <\/span>Dienstleistun<span lang=\"de-DE\">g f\u00fcr die \u00dcbersetzung von DXF\/DWG-Zeichnungen <\/span><\/p>\n<\/li>\n<li>\n<p lang=\"de-DE\">\u00dcbersetzung der Texte aus den Zeichnungen mithilfe von Muldrato<\/p>\n<\/li>\n<li>\n<p lang=\"pl-PL\"><span lang=\"de-DE\">Speicherung der Texte in Form von Translation Memory und <\/span>die M<span lang=\"de-DE\">\u00f6glichkeit sie wieder zu verwenden<\/span><\/p>\n<\/li>\n<li>\n<p lang=\"de-DE\">Optimierung der Liste von Texten, die \u00fcbersetzt werden sollen, um die \u00dcbersetzungskosten zu sparen (L\u00f6schen von Zahlen, Wiederholungen usw.)<\/p>\n<\/li>\n<li>\n<p lang=\"de-DE\">die \u00fcbersetzten Zeichnungen k\u00f6nnen\u00a0sowohl im Originalformat, als auch als PDF-Dateien geliefert werden<\/p>\n<\/li>\n<li>\n<p lang=\"de-DE\">Speicherung vieler Sprachen auf verschiedenen Layern auf einer Zeichnung<\/p>\n<\/li>\n<li>\n<p lang=\"de-DE\">Austausch vom fehlenden\u00a0Schriften<\/p>\n<\/li>\n<li>\n<p lang=\"de-DE\">Standardisierung von\u00a0Zeichnungen<\/p>\n<\/li>\n<\/ul>\n<p lang=\"de-DE\">\u00dcbersetzen Sie Ihre Zeichnungen mit unserer Hilfe!<\/p>\n<p lang=\"de-DE\"><a href=\"http:\/\/muldrato.com\/de\/kontakt\/\"><span style=\"color: #3366ff;\">Fragen Sie uns nach dem individuellen Preis*<\/span><\/a><\/p>\n<p><span style=\"color: #3366ff;\">\u00a0<\/span> \u00a0 <a href=\"kontakt\/\"><img loading=\"lazy\" decoding=\"async\" class=\"aligncenter wp-image-117 size-full\" src=\"http:\/\/muldrato.com\/de\/wp-content\/uploads\/sites\/4\/2014\/06\/uploadFile.png\" alt=\"uploadFile\" width=\"276\" height=\"270\" \/><\/a><\/p>\n<p lang=\"pl-PL\">Der Dienstleistungspreis h\u00e4ngt von der Anzahl der Zeichnungen, Leerzeichen und der ausgew<span lang=\"de-DE\">\u00e4hlten Konfiguration <\/span>(Quell- und Zielsprache) <span lang=\"de-DE\">ab.<\/span><\/p>\n<ol start=\"2\" type=\"I\">\n<li>\n<p lang=\"de-DE\"><span style=\"color: #3366ff;\">Import und Export von Texten aus den Zeichnungen<\/span><\/p>\n<\/li>\n<\/ol>\n<p lang=\"de-DE\">Wegen der wachsenden Anfrage\u00a0haben wir uns entschieden, unser Angebot um Import und Export von\u00a0Texten aus DXF\/DWG-Zeichnungen zu erweitern.\u00a0Texte aus den CAD-Zeichnungen k\u00f6nnen in eine MS Excel-Tabelle oder in das XLIFF-Format exportiert werden. Somit wird es m\u00f6glich, alle Phrasen auf eigene Faust zu \u00fcbersetzen. Anschlie\u00dfend werden die \u00fcbersetzten Texte in die Quellzeichnungen importiert.<\/p>\n<p lang=\"de-DE\">Vorteile:<\/p>\n<ul>\n<li>\n<p lang=\"pl-PL\">es ist nicht n<span lang=\"de-DE\">\u00f6tig CAD-Programme zu besitzen<\/span><\/p>\n<\/li>\n<li>\n<p lang=\"de-DE\">Erfahrung im Umgang mit AutoCAD ist nicht erforderlich<\/p>\n<\/li>\n<li>\n<p lang=\"pl-PL\"><span lang=\"de-DE\">das grafische Teil selbst bleibt unversehrt (Arbeit<\/span> nur mit dem Text)<\/p>\n<\/li>\n<li>\n<p lang=\"pl-PL\">es ist <span lang=\"de-DE\">m\u00f6glich Translation Memory f\u00fcr die zuk\u00fcnftige Auftr\u00e4ge zu speichern und aufzubewahren <\/span><\/p>\n<\/li>\n<li>\n<p lang=\"de-DE\">Export der Texte aus den Zeichnungen in ein ausgew\u00e4hltes Format (u.a. MS Excel, XLIFF)<\/p>\n<\/li>\n<li>\n<p lang=\"de-DE\">Optimierung der Liste von Texten, die in eine \u00dcbersetzungstabelle exportiert werden<\/p>\n<\/li>\n<li>\n<p lang=\"de-DE\">schneller und fehlerfreier Import der \u00fcbersetzten Texte in die Zeichnungen<\/p>\n<\/li>\n<li>\n<p lang=\"de-DE\">Kontrolle der Korrektheit von Zeichnungen (\u00dcberlappung von Zeichnungselementen, Kontrolle der Einblendung von Logotypen usw.)<\/p>\n<\/li>\n<\/ul>\n<p lang=\"de-DE\">Unsere Dienstleistung umfasst:<\/p>\n<ul>\n<li>\n<p lang=\"pl-PL\"><span lang=\"de-DE\">Export von Texten aus den DXF\/<\/span>DWG-Dateien<\/p>\n<\/li>\n<li>\n<p lang=\"pl-PL\">Analyse und Optimierung des Textinhalts f<span lang=\"de-DE\">\u00fcr die \u00dcbersetzer<\/span><\/p>\n<\/li>\n<li>\n<p lang=\"de-DE\">\u00dcbersetzung von Phrasen<\/p>\n<\/li>\n<li>\n<p lang=\"de-DE\">Analyse und Anpassung der \u00fcbersetzten Phrasen an die Originaldateien vor dem Import<\/p>\n<\/li>\n<li>\n<p lang=\"de-DE\">Import der \u00fcbersetzten Texte in die Quelldateien<\/p>\n<\/li>\n<\/ul>\n<p lang=\"pl-PL\"><span lang=\"de-DE\" style=\"color: #3366ff;\">SPAREN SIE GELD <\/span><span lang=\"de-DE\">\u2013 \u00fcbersetzen Sie selbst\u00e4ndig!<\/span><\/p>\n<p lang=\"pl-PL\">Sie zahlen nur f\u00fcr Export und Import von Texten.<\/p>\n<p lang=\"pl-PL\">ACHTUNG: Rabatte bei gr<span lang=\"de-DE\">\u00f6\u00dferer Anzahl der Zeichnungen<\/span><\/p>\n<p lang=\"de-DE\">Die\u00a0oben genannten Dienstleistungen k\u00f6nnen mit folgenden Optionen erg\u00e4nzt werden:<\/p>\n<ul>\n<li>\n<p lang=\"de-DE\">Konversion in andere Formate<\/p>\n<\/li>\n<li>\n<p lang=\"de-DE\">Kontrolle und Optimierung der Originalzeichnungen<\/p>\n<\/li>\n<\/ul>\n<p lang=\"de-DE\"><a href=\"http:\/\/muldrato.com\/de\/kontakt\/\">Fragen Sie uns nach dem individuellen Preis<\/a><\/p>\n<p lang=\"de-DE\">Senden Sie uns, mithilfe des Kontaktformulars auf unserer Website, Ihre Dateien, die Sie \u00fcbersetzen m\u00f6chten und wir erstellen Ihnen innerhalb von 24 Stunden ein individuell angepasstes Angebot. Durch Auswahl dieser Option garantieren wir Ihnen nicht nur pr\u00e4zise Preissch\u00e4tzung, sondern auch Angebotskomplexit\u00e4t. Mitsamt dem Angebot f\u00fcr die \u00dcbersetzung senden wir Ihnen eine Analyse der Zeichnungen und Liste der zus\u00e4tzlichen Dienstleistungen, die f\u00fcr Sie interessant sein k\u00f6nnen u.a.:<\/p>\n<ul>\n<li>\n<p lang=\"de-DE\">Standardisierung der Zeichnungen<\/p>\n<\/li>\n<li>\n<p lang=\"de-DE\">Fehlerkorrektur<\/p>\n<\/li>\n<li>\n<p lang=\"de-DE\">Vereinheitlichung der Schriften<\/p>\n<\/li>\n<\/ul>\n<p lang=\"de-DE\">Um die Dateien an uns online zu versenden, klicken Sie auf das unten stehende Bild.<\/p>\n<p lang=\"de-DE\">Bereits in der Konzeptphase ist f\u00fcr uns die Konvertierungsoptimierung, als das Hauptelement des \u00dcbersetzungsprozesses, sehr wichtig:<\/p>\n<p lang=\"de-DE\">Basierend auf den Kundenbed\u00fcrfnissen haben wir spezielle Tools und Programme erstellt, die die maximale Integration von verschiedenen Applikationen gew\u00e4hrleisten.<\/p>\n<p>\u00a0 <\/div> <div class=\"col-lg-3 col-md-3 col-xs-12 col-sm-3\"><\/p>\n<p><a href=\"http:\/\/muldrato.com\/de\/kontakt\/\" target=\"_blank\"><img decoding=\"async\" src=\"http:\/\/muldrato.com\/de\/wp-content\/uploads\/sites\/4\/2014\/06\/button-Muldrato.png\" class=\" img-rounded\"><\/a><\/p>\n<p><span style=\"color: #3366ff;\">Muldrato\u00a9<\/span>&#8211; Softwarel\u00f6sung zur \u00dcbersetzung von Texten in CAD-Zeichnungen Bestellen.<\/p>\n<p>&nbsp;<\/p>\n<p>Text-Exporter Pro Bestellen. Highlights:<br \/>\n&#8211; Optimierung der bestehenden W\u00f6rterbucher<br \/>\n&#8211; Update der bestehenden W\u00f6rterbucher<br \/>\n&#8211; Scan von mehreren Dateien<\/p>\n<p><\/div> <\/div>\n","protected":false},"excerpt":{"rendered":"","protected":false},"author":1,"featured_media":0,"parent":0,"menu_order":0,"comment_status":"open","ping_status":"closed","template":"template-srodek.php","meta":{"footnotes":""},"aioseo_notices":[],"_links":{"self":[{"href":"https:\/\/muldrato.com\/de\/wp-json\/wp\/v2\/pages\/112"}],"collection":[{"href":"https:\/\/muldrato.com\/de\/wp-json\/wp\/v2\/pages"}],"about":[{"href":"https:\/\/muldrato.com\/de\/wp-json\/wp\/v2\/types\/page"}],"author":[{"embeddable":true,"href":"https:\/\/muldrato.com\/de\/wp-json\/wp\/v2\/users\/1"}],"replies":[{"embeddable":true,"href":"https:\/\/muldrato.com\/de\/wp-json\/wp\/v2\/comments?post=112"}],"version-history":[{"count":20,"href":"https:\/\/muldrato.com\/de\/wp-json\/wp\/v2\/pages\/112\/revisions"}],"predecessor-version":[{"id":505,"href":"https:\/\/muldrato.com\/de\/wp-json\/wp\/v2\/pages\/112\/revisions\/505"}],"wp:attachment":[{"href":"https:\/\/muldrato.com\/de\/wp-json\/wp\/v2\/media?parent=112"}],"curies":[{"name":"wp","href":"https:\/\/api.w.org\/{rel}","templated":true}]}}