{"id":148,"date":"2014-06-15T15:51:15","date_gmt":"2014-06-15T13:51:15","guid":{"rendered":"http:\/\/muldrato.com\/?page_id=4"},"modified":"2024-11-08T07:56:37","modified_gmt":"2024-11-08T06:56:37","slug":"home","status":"publish","type":"page","link":"https:\/\/muldrato.com\/de\/","title":{"rendered":"Home Page"},"content":{"rendered":"<div class=\"col-lg-6 col-md-6 col-xs-12 col-sm-6\"><\/p>\n<h3 style=\"text-align: center;\">\u00dcbersetzungsprogramm<\/h3>\n<p>Muldrato = ein zuverl\u00e4ssiges Programm f\u00fcr die \u00dcbersetzung technischer Zeichnungen\u00a0(DXF \/ DWG), schnell, pr\u00e4zis und einzigartig.<\/p>\n<p>Anhand von Phrasen-W\u00f6rterb\u00fcchern und Translation Memorys k\u00f6nnen Sie eine beliebige Anzahl von DXF\/DWG-Dateien schnell und pr\u00e4zise in die ausgew\u00e4hlte Sprache \u00fcbersetzen.<\/p>\n<p><strong>Dank Muldrato \u00a9 k\u00f6nnen Sie:<\/strong><\/p>\n<ol>\n<li>Die \u00dcbersetzungskosten bedeutend senken,<\/li>\n<li>Den ganzen \u00dcbersetzungsprozess beschleunigen,<\/li>\n<li>Pr\u00e4zise \u00dcbersetzungen bekommen,<\/li>\n<li>Ihre Dokumente standardisieren.<\/li>\n<\/ol>\n<p>&nbsp;<\/p>\n<p><strong>Muldrato bedeutet:<\/strong><\/p>\n<ul>\n<li>Effizienz<\/li>\n<li>Zuverl\u00e4ssigkeit<\/li>\n<li>Einfache Bedienung<\/li>\n<\/ul>\n<p><\/div>\n","protected":false},"excerpt":{"rendered":"","protected":false},"author":1,"featured_media":0,"parent":0,"menu_order":-1,"comment_status":"closed","ping_status":"closed","template":"template-home.php","meta":{"footnotes":""},"aioseo_notices":[],"_links":{"self":[{"href":"https:\/\/muldrato.com\/de\/wp-json\/wp\/v2\/pages\/148"}],"collection":[{"href":"https:\/\/muldrato.com\/de\/wp-json\/wp\/v2\/pages"}],"about":[{"href":"https:\/\/muldrato.com\/de\/wp-json\/wp\/v2\/types\/page"}],"author":[{"embeddable":true,"href":"https:\/\/muldrato.com\/de\/wp-json\/wp\/v2\/users\/1"}],"replies":[{"embeddable":true,"href":"https:\/\/muldrato.com\/de\/wp-json\/wp\/v2\/comments?post=148"}],"version-history":[{"count":17,"href":"https:\/\/muldrato.com\/de\/wp-json\/wp\/v2\/pages\/148\/revisions"}],"predecessor-version":[{"id":537,"href":"https:\/\/muldrato.com\/de\/wp-json\/wp\/v2\/pages\/148\/revisions\/537"}],"wp:attachment":[{"href":"https:\/\/muldrato.com\/de\/wp-json\/wp\/v2\/media?parent=148"}],"curies":[{"name":"wp","href":"https:\/\/api.w.org\/{rel}","templated":true}]}}