{"id":84,"date":"2014-06-16T13:18:24","date_gmt":"2014-06-16T11:18:24","guid":{"rendered":"http:\/\/muldrato.com\/?page_id=84"},"modified":"2019-08-01T13:38:06","modified_gmt":"2019-08-01T11:38:06","slug":"wie-funktioniert","status":"publish","type":"page","link":"https:\/\/muldrato.com\/de\/wie-funktioniert\/","title":{"rendered":"Wie funktioniert muldrato?"},"content":{"rendered":"<p><span style=\"color: #000000;\"><div class=\"row \"><\/span><br \/>\n<span style=\"color: #000000;\"> <div class=\"col-lg-9 col-md-9 col-xs-12 col-sm-9\"><\/span><\/p>\n<h3 style=\"text-align: center;\">Wie funktioniert Muldrato<strong>\u00a9<\/strong><\/h3>\n<p><span style=\"color: #000000;\">\u00a0<\/span><\/p>\n<div>\n<p>Um CAD-Dokumente in ein f\u00fcr die \u00dcbersetzung verwendbares Format zu konvertieren,\u00a0bedarf es in den meisten F\u00e4llen spezieller L\u00f6sungen. Zeitaufwendige und kostspielige Dateikonvertierungen sollen dabei vermieden werden. Der Einsatz von muldrato, als ein der Beispiele unserer Konvertierungs-L\u00f6sungen, hilft wiederkehrende Aufgaben zu au\u00adto\u00adma\u00adti\u00adsieren und dadurch die \u00dcbersetzungsprozesse von CAD Daten zu optimieren.<\/p>\n<p><strong style=\"color: #000000;\"><span style=\"color: #3366ff;\">Muldrato\u00a9<\/span><\/strong><span style=\"color: #636363;\">\u00a0<\/span>\u00a0basiert auf mehrsprachigem Phrasenw\u00f6rterbuch, wodurch die DXF \/ DWG Zeichnungen in eine beliebige Sprache \u00fcbersetzt werden k\u00f6nnen.<\/p>\n<p>Die \u00dcbersetzung ist \u00e4u\u00dferst pr\u00e4zise. Die \u00fcbersetzten Texte werden automatisch, ohne dass daf\u00fcr ein CAD System notwendig ist, in die Ursprungsdateien importiert. Eine manuelle Nachbearbeitung sowie \u00dcberpr\u00fcfung der \u00fcbersetzten Zeichnungen ist nach erfolgtem Import nicht notwendig!<\/p>\n<p style=\"color: #000000;\">1.<\/p>\n<p style=\"text-align: center;\"><iframe loading=\"lazy\" src=\"\/\/www.youtube.com\/embed\/gqCewI-7KeQ\" width=\"560\" height=\"315\" frameborder=\"0\" allowfullscreen=\"allowfullscreen\"><\/iframe><\/p>\n<p>&nbsp;<\/p>\n<p style=\"text-align: left;\">2.<\/p>\n<p style=\"text-align: center;\"><iframe loading=\"lazy\" src=\"\/\/www.youtube.com\/embed\/S3NaYZL_Wj0?rel=0\" width=\"560\" height=\"315\" frameborder=\"0\" allowfullscreen=\"allowfullscreen\"><\/iframe><\/p>\n<p>&nbsp;<\/p>\n<p style=\"text-align: left;\">3.<\/p>\n<p style=\"text-align: center;\"><iframe loading=\"lazy\" src=\"\/\/www.youtube.com\/embed\/vUBYx6arI7M?rel=0\" width=\"560\" height=\"315\" frameborder=\"0\" allowfullscreen=\"allowfullscreen\"><\/iframe><\/p>\n<p>&nbsp;<\/p>\n<p><strong>\u00dcbersetzungsbeispiele:<\/strong><\/p>\n<p>Unten sehen Sie einige der \u00dcbersetzungsbeispiele. Zwei der Merkmale: perfekter Textpositionierung und beibehaltene Textausdehnung zeugen von der Pr\u00e4zision der \u00dcbersetzung. Die Beschriftung passt sich automatisch dem in der Ursprungszeichnung definierten Raum an.<\/p>\n<p>Beispiel einer \u00dcbersetzung in russischer Sprache &#8211; Ausdehnung der Texte bleibt wie im Original.<\/p>\n<p>Originalzeichnung:<\/p>\n<\/div>\n<p><img loading=\"lazy\" decoding=\"async\" src=\"http:\/\/muldrato.com\/uploads\/images\/Oryginal.png\" alt=\"\" width=\"432\" height=\"239\" \/><\/p>\n<p>\u00dcbersetzte Zeichnung:<\/p>\n<p style=\"color: #000000;\"><span style=\"color: #000000;\"><img loading=\"lazy\" decoding=\"async\" style=\"font-weight: inherit; font-style: inherit;\" src=\"http:\/\/muldrato.com\/uploads\/images\/nowe.png\" alt=\"\" width=\"432\" height=\"240\" \/><\/span><\/p>\n<p>Beispiel einer \u00dcbersetzung ins Chinesische &#8211; Ausdehnung der Texte ist wie im Original.<\/p>\n<p>Originalzeichnung:<\/p>\n<p style=\"color: #000000;\"><span style=\"color: #000000;\"><img loading=\"lazy\" decoding=\"async\" style=\"font-weight: inherit; font-style: inherit;\" src=\"http:\/\/muldrato.com\/uploads\/images\/Oryginal.png\" alt=\"\" width=\"432\" height=\"239\" \/><\/span><\/p>\n<p><span style=\"font-weight: inherit; color: #000000;\">\u00dcbersetzte Zeichnung:<\/span><\/p>\n<p style=\"color: #000000;\"><span style=\"color: #000000;\">\u00a0<img loading=\"lazy\" decoding=\"async\" style=\"font-weight: inherit; font-style: inherit;\" src=\"http:\/\/muldrato.com\/uploads\/images\/chinskie.png\" alt=\"\" width=\"430\" height=\"240\" \/><\/span><\/p>\n<p><span style=\"color: #000000;\"><\/div><\/span><br \/>\n<span style=\"color: #000000;\"> <div class=\"col-lg-3 col-md-3 col-xs-12 col-sm-3\"><\/span><\/p>\n<h3 style=\"text-align: center;\"><span style=\"color: #000000;\"><img decoding=\"async\" src=\"http:\/\/muldrato.com\/de\/wp-content\/uploads\/sites\/2\/2014\/06\/logo-small.png\" alt=\"\" \/><\/span><\/h3>\n<p><iframe loading=\"lazy\" src=\"\/\/www.youtube.com\/embed\/KPyIaTRdtno\" width=\"262\" height=\"164\" frameborder=\"0\" allowfullscreen=\"allowfullscreen\"><\/iframe><\/p>\n<p><strong><img decoding=\"async\" src=\"http:\/\/muldrato.com\/en\/wp-content\/uploads\/sites\/2\/2014\/06\/img-srodek-1.jpg\" class=\"img-responsive oscitas-res-image\" alt=\"\">\u00a0<\/strong><\/p>\n<p><strong>Perfekte \u00dcbersetzung in nur 3 Schritten:<\/strong><\/p>\n<ul>\n<li>CAD-Zeichnungen ausw\u00e4hlen.<\/li>\n<li>W\u00f6rterbuch ausw\u00e4hlen.<\/li>\n<li>\u00dcbersetzung starten.<\/li>\n<\/ul>\n<p>&nbsp;<\/p>\n<p><span style=\"color: #000000;\"><\/div><\/span><br \/>\n<span style=\"color: #000000;\"> <\/div><\/span><\/p>\n","protected":false},"excerpt":{"rendered":"","protected":false},"author":1,"featured_media":0,"parent":0,"menu_order":0,"comment_status":"open","ping_status":"closed","template":"template-srodek.php","meta":{"footnotes":""},"aioseo_notices":[],"_links":{"self":[{"href":"https:\/\/muldrato.com\/de\/wp-json\/wp\/v2\/pages\/84"}],"collection":[{"href":"https:\/\/muldrato.com\/de\/wp-json\/wp\/v2\/pages"}],"about":[{"href":"https:\/\/muldrato.com\/de\/wp-json\/wp\/v2\/types\/page"}],"author":[{"embeddable":true,"href":"https:\/\/muldrato.com\/de\/wp-json\/wp\/v2\/users\/1"}],"replies":[{"embeddable":true,"href":"https:\/\/muldrato.com\/de\/wp-json\/wp\/v2\/comments?post=84"}],"version-history":[{"count":27,"href":"https:\/\/muldrato.com\/de\/wp-json\/wp\/v2\/pages\/84\/revisions"}],"predecessor-version":[{"id":511,"href":"https:\/\/muldrato.com\/de\/wp-json\/wp\/v2\/pages\/84\/revisions\/511"}],"wp:attachment":[{"href":"https:\/\/muldrato.com\/de\/wp-json\/wp\/v2\/media?parent=84"}],"curies":[{"name":"wp","href":"https:\/\/api.w.org\/{rel}","templated":true}]}}