{"id":329,"date":"2014-08-22T09:15:53","date_gmt":"2014-08-22T07:15:53","guid":{"rendered":"http:\/\/muldrato.com\/muldrato\/?page_id=329"},"modified":"2014-08-22T10:38:17","modified_gmt":"2014-08-22T08:38:17","slug":"impressum","status":"publish","type":"page","link":"https:\/\/muldrato.com\/pl\/impressum\/","title":{"rendered":"Impressum"},"content":{"rendered":"<p><span style=\"color: #3366ff;\"><strong>Serwis oferowany przez:<\/strong><\/span><br \/>\nCADWORK Poland Sp. z o.o.<br \/>\nul. Wroc\u0142awska 43a\/4<br \/>\n30-011 Krak\u00f3w<br \/>\nPolska<br \/>\nwww.cad2cad.eu<\/p>\n<p><span style=\"color: #3366ff;\"><strong>NIP<\/strong><\/span> 945-10-66-170<br \/>\n<strong><span style=\"color: #3366ff;\">REGON<\/span><\/strong> 350860970<\/p>\n<p><strong><span style=\"color: #3366ff;\">Copyrights<\/span><\/strong><br \/>\nCADWORK Poland Sp. z o.o.<\/p>\n<p>Wszystkie inne nazwy firm, nazwy produkt\u00f3w lub znaki towarowe zosta\u0142y u\u017cyte wy\u0142\u0105cznie dla identyfikacji i nale\u017c\u0105 do ich poszczeg\u00f3lnych w\u0142a\u015bciciel.<\/p>\n","protected":false},"excerpt":{"rendered":"<p>Serwis oferowany przez: CADWORK Poland Sp. z o.o. ul. Wroc\u0142awska 43a\/4 30-011 Krak\u00f3w Polska www.cad2cad.eu NIP 945-10-66-170 REGON 350860970 Copyrights CADWORK Poland Sp. z o.o. Wszystkie inne nazwy firm, nazwy produkt\u00f3w lub znaki towarowe zosta\u0142y u\u017cyte wy\u0142\u0105cznie dla identyfikacji i &hellip; <a href=\"https:\/\/muldrato.com\/pl\/impressum\/\">Kontynuuj<\/a><\/p>\n","protected":false},"author":1,"featured_media":0,"parent":0,"menu_order":-1,"comment_status":"open","ping_status":"open","template":"","meta":{"footnotes":""},"aioseo_notices":[],"_links":{"self":[{"href":"https:\/\/muldrato.com\/pl\/wp-json\/wp\/v2\/pages\/329"}],"collection":[{"href":"https:\/\/muldrato.com\/pl\/wp-json\/wp\/v2\/pages"}],"about":[{"href":"https:\/\/muldrato.com\/pl\/wp-json\/wp\/v2\/types\/page"}],"author":[{"embeddable":true,"href":"https:\/\/muldrato.com\/pl\/wp-json\/wp\/v2\/users\/1"}],"replies":[{"embeddable":true,"href":"https:\/\/muldrato.com\/pl\/wp-json\/wp\/v2\/comments?post=329"}],"version-history":[{"count":4,"href":"https:\/\/muldrato.com\/pl\/wp-json\/wp\/v2\/pages\/329\/revisions"}],"predecessor-version":[{"id":337,"href":"https:\/\/muldrato.com\/pl\/wp-json\/wp\/v2\/pages\/329\/revisions\/337"}],"wp:attachment":[{"href":"https:\/\/muldrato.com\/pl\/wp-json\/wp\/v2\/media?parent=329"}],"curies":[{"name":"wp","href":"https:\/\/api.w.org\/{rel}","templated":true}]}}