{"id":35,"date":"2014-06-15T21:48:07","date_gmt":"2014-06-15T19:48:07","guid":{"rendered":"http:\/\/muldrato.com\/?page_id=35"},"modified":"2024-10-19T18:37:41","modified_gmt":"2024-10-19T16:37:41","slug":"kontakt","status":"publish","type":"page","link":"https:\/\/muldrato.com\/pl\/kontakt\/","title":{"rendered":"Kontakt"},"content":{"rendered":"<h3 style=\"text-align: center;\">Formularz kontaktowy<\/h3>\n<p>&nbsp;<\/p>\n<div class=\"row \"><div class=\"col-lg-8 col-md-8 col-xs-12 col-sm-8\">\n\n<div class=\"wpcf7 no-js\" id=\"wpcf7-f46-o1\" lang=\"pl-PL\" dir=\"ltr\">\n<div class=\"screen-reader-response\"><p role=\"status\" aria-live=\"polite\" aria-atomic=\"true\"><\/p> <ul><\/ul><\/div>\n<form action=\"\/pl\/wp-json\/wp\/v2\/pages\/35#wpcf7-f46-o1\" method=\"post\" class=\"wpcf7-form init\" aria-label=\"Formularz kontaktowy\" enctype=\"multipart\/form-data\" novalidate=\"novalidate\" data-status=\"init\">\n<div style=\"display: none;\">\n<input type=\"hidden\" name=\"_wpcf7\" value=\"46\" \/>\n<input type=\"hidden\" name=\"_wpcf7_version\" value=\"5.9\" \/>\n<input type=\"hidden\" name=\"_wpcf7_locale\" value=\"pl_PL\" \/>\n<input type=\"hidden\" name=\"_wpcf7_unit_tag\" value=\"wpcf7-f46-o1\" \/>\n<input type=\"hidden\" name=\"_wpcf7_container_post\" value=\"0\" \/>\n<input type=\"hidden\" name=\"_wpcf7_posted_data_hash\" value=\"\" \/>\n<input type=\"hidden\" name=\"_wpcf7_recaptcha_response\" value=\"\" \/>\n<\/div>\n<div class=\"row\">\n\t<div class=\"col-sm-6\">\n\t\t<p><span class=\"wpcf7-form-control-wrap\" data-name=\"your-name\"><input size=\"40\" class=\"wpcf7-form-control wpcf7-text wpcf7-validates-as-required\" aria-required=\"true\" aria-invalid=\"false\" placeholder=\"Imi\u0119 i naziwsko (wymagane)\" value=\"\" type=\"text\" name=\"your-name\" \/><\/span><br \/>\n<span class=\"wpcf7-form-control-wrap\" data-name=\"your-email\"><input size=\"40\" class=\"wpcf7-form-control wpcf7-email wpcf7-validates-as-required wpcf7-text wpcf7-validates-as-email\" aria-required=\"true\" aria-invalid=\"false\" placeholder=\"Adres email (wymagane)\" value=\"\" type=\"email\" name=\"your-email\" \/><\/span>\n\t\t<\/p>\n\t<\/div>\n\t<div class=\"col-sm-6\">\n\t\t<p><span class=\"wpcf7-form-control-wrap\" data-name=\"your-subject\"><input size=\"40\" class=\"wpcf7-form-control wpcf7-text\" aria-invalid=\"false\" placeholder=\"Temat\" value=\"\" type=\"text\" name=\"your-subject\" \/><\/span><br \/>\n<span class=\"wpcf7-form-control-wrap\" data-name=\"file-810\"><input size=\"40\" class=\"wpcf7-form-control wpcf7-file\" accept=\".dxf,.dwg,.zip\" aria-invalid=\"false\" type=\"file\" name=\"file-810\" \/><\/span>\n\t\t<\/p>\n\t<\/div>\n<\/div>\n<div class=\"row\">\n\t<div class=\"col-sm-12\">\n\t\t<p><span class=\"wpcf7-form-control-wrap\" data-name=\"your-message\"><textarea cols=\"40\" rows=\"10\" class=\"wpcf7-form-control wpcf7-textarea\" aria-invalid=\"false\" placeholder=\"Tre\u015b\u0107 wiadomo\u015bci...\" name=\"your-message\"><\/textarea><\/span><br \/>\n<input class=\"wpcf7-form-control wpcf7-submit has-spinner\" type=\"submit\" value=\"Wy\u015blij\" \/>\n\t\t<\/p>\n\t<\/div>\n<\/div><div class=\"wpcf7-response-output\" aria-hidden=\"true\"><\/div>\n<\/form>\n<\/div>\n\n<\/div><\/p>\n<p style=\"text-align: center;\">Biuro w Niemczech<\/p>\n<p><div class=\"col-lg-4 col-md-4 col-xs-12 col-sm-4\">\n<a href=\"https:\/\/goo.gl\/maps\/h9shbnerqjnjsL6N8\" target=\"_blank\" rel=\"noopener\"><img decoding=\"async\" class=\"img-responsive\" src=\"https:\/\/muldrato.com\/wp-content\/uploads\/2022\/12\/demap.png\" alt=\"map\" \/><\/a><\/div><\/p>\n<p>&nbsp;<\/p>\n<p style=\"text-align: center;\">Biuro w Polsce<\/p>\n<p><div class=\"col-lg-4 col-md-4 col-xs-12 col-sm-4\">\n<a href=\"https:\/\/goo.gl\/maps\/Z3YSFJiEr6gWDPWt5\" target=\"_blank\" rel=\"noopener\"><img decoding=\"async\" class=\"img-responsive\" src=\"https:\/\/muldrato.com\/wp-content\/uploads\/2022\/12\/plmap.png\" alt=\"map\" \/><\/a><\/div><\/p>\n<p><\/div>\n<p>&nbsp;<\/p>\n<p>&nbsp;<\/p>\n<div class=\"row \"><div class=\"col-lg-4 col-md-4 col-xs-12 col-sm-4\"><\/p>\n<h3 style=\"text-align: center;\">Strona firmowa<\/h3>\n<p style=\"text-align: center;\">Je\u015bli chcesz pozna\u0107 nasze pozosta\u0142e produkty, odwied\u017a nasz\u0105 stron\u0119 firmow\u0105: <a href=\"http:\/\/www.cad2cad.eu\/\" target=\"_blank\" rel=\"noopener\">www.cad2cad.eu<\/a><\/p>\n<p><\/div>\n<div class=\"col-lg-4 col-md-4 col-xs-12 col-sm-4\"><\/p>\n<h3 style=\"text-align: center;\">Kontakt Niemcy<\/h3>\n<p style=\"text-align: center;\"><span style=\"color: #262626;\">tel: + 49 6181 9888 032\u00a0<\/span><br style=\"color: #262626;\" \/>translate@muldrato.com<\/p>\n<p><\/div>\n<div class=\"col-lg-4 col-md-4 col-xs-12 col-sm-4\"><\/p>\n<h3 style=\"text-align: center;\">Adres Niemcy<\/h3>\n<p style=\"text-align: center;\">W.E.I.S. Engineering GmbH &amp; Co. KG<\/p>\n<p style=\"text-align: center;\">Am Wolfsrain 1<br \/>\n63571 Gelnhausen-Hailer<br \/>\n<strong>\u00a0<\/strong><strong>Niemcy<\/strong><\/p>\n<p><\/div>\n<\/div>\n<div class=\"row \"><\/p>\n<p><div class=\"col-lg-4 col-md-4 col-xs-12 col-sm-4\"><\/p>\n<p><\/div>\n<div class=\"col-lg-4 col-md-4 col-xs-12 col-sm-4\"><\/p>\n<h3 style=\"text-align: center;\">Kontakt Polska<\/h3>\n<p style=\"text-align: center;\">tel.: +49 6181 9888 032<br \/>\ntranslate@muldrato.com<\/p>\n<p><\/div>\n<div class=\"col-lg-4 col-md-4 col-xs-12 col-sm-4\"><\/p>\n<h3 style=\"text-align: center;\">Adres Polska<\/h3>\n<p style=\"text-align: center;\">Cadwork Poland Sp. z o.o.<br \/>\nul. Wroc\u0142awska 43A\/4<br \/>\n<strong>30-011 Krak\u00f3w \/ Polska<\/strong><\/p>\n<p><\/div>\n<\/div>\n<p>&nbsp;<\/p>\n<p>&nbsp;<\/p>\n<div class=\"row \"><div class=\"col-lg-4 col-md-4 col-xs-12 col-sm-4\">\n<img decoding=\"async\" src=\"http:\/\/muldrato.com\/wp-content\/uploads\/2014\/06\/muldrato-laptop.png\" class=\"img-responsive oscitas-res-image\" alt=\"\"><\/p>\n<p><\/div>\n<div class=\"col-lg-8 col-md-8 col-xs-12 col-sm-8\"><\/div>\n<\/div>\n","protected":false},"excerpt":{"rendered":"<p>Formularz kontaktowy &nbsp; &nbsp; &nbsp; &nbsp; &nbsp;<\/p>\n","protected":false},"author":1,"featured_media":0,"parent":0,"menu_order":3,"comment_status":"closed","ping_status":"closed","template":"","meta":{"footnotes":""},"aioseo_notices":[],"_links":{"self":[{"href":"https:\/\/muldrato.com\/pl\/wp-json\/wp\/v2\/pages\/35"}],"collection":[{"href":"https:\/\/muldrato.com\/pl\/wp-json\/wp\/v2\/pages"}],"about":[{"href":"https:\/\/muldrato.com\/pl\/wp-json\/wp\/v2\/types\/page"}],"author":[{"embeddable":true,"href":"https:\/\/muldrato.com\/pl\/wp-json\/wp\/v2\/users\/1"}],"replies":[{"embeddable":true,"href":"https:\/\/muldrato.com\/pl\/wp-json\/wp\/v2\/comments?post=35"}],"version-history":[{"count":32,"href":"https:\/\/muldrato.com\/pl\/wp-json\/wp\/v2\/pages\/35\/revisions"}],"predecessor-version":[{"id":612,"href":"https:\/\/muldrato.com\/pl\/wp-json\/wp\/v2\/pages\/35\/revisions\/612"}],"wp:attachment":[{"href":"https:\/\/muldrato.com\/pl\/wp-json\/wp\/v2\/media?parent=35"}],"curies":[{"name":"wp","href":"https:\/\/api.w.org\/{rel}","templated":true}]}}