{"id":4,"date":"2014-06-15T15:51:15","date_gmt":"2014-06-15T13:51:15","guid":{"rendered":"http:\/\/muldrato.com\/?page_id=4"},"modified":"2022-01-12T13:21:21","modified_gmt":"2022-01-12T12:21:21","slug":"home","status":"publish","type":"page","link":"https:\/\/muldrato.com\/pl\/","title":{"rendered":"Strona g\u0142\u00f3wna"},"content":{"rendered":"<\/p>\n<div class=\"col-lg-6 col-md-6 col-xs-12 col-sm-6\"><a href=\"http:\/\/muldrato.com\/pl\/co-to-jest-muldrato\" style=\"color:inherit;text-decoration:none;display:block\"><\/p>\n<h3 style=\"text-align: center;\">Program do t\u0142umaczenia<\/h3>\n<p>Niezawodny program do t\u0142umaczenia dokumentacji technicznej\u00a0(pliki DXF\/DWG) ju\u017c dost\u0119pny na rynku.<br \/>\n<em>Stworzyli\u015bmy unikalne narz\u0119dzie do tworzenia s\u0142ownik\u00f3w, kt\u00f3re\u00a0<\/em><em>pozwalaj\u0105 na szybkie i \u0142atwe przet\u0142umaczenie dowolnej ilo\u015bci plik\u00f3w\u00a0<\/em><em>DXF\/DWG na wybrany j\u0119zyk.<\/em><\/p>\n<p><strong>U\u017cycie <span style=\"color: #3366ff;\">Muldrato\u00a9<\/span> w procesie t\u0142umaczenia pozwoli na:<\/strong><\/p>\n<ol>\n<li>Znacz\u0105ce ci\u0119cia koszt\u00f3w t\u0142umaczenia.<\/li>\n<li>Dok\u0142adne t\u0142umaczenie.<\/li>\n<li>Przyspieszenie procesu t\u0142umaczenia.<\/li>\n<li>Standaryzacje dokumentu.<\/li>\n<\/ol>\n<p>Jest r\u00f3wnie\u017c gwarancj\u0105 oszcz\u0119dno\u015bci czasu przy zachowaniu bardzo\u00a0wysokiej jako\u015bci t\u0142umaczenia.<\/p>\n<p><strong>Program mo\u017cna scharakteryzowa\u0107 trzema s\u0142owami:<\/strong><br \/>\n&#8211; wydajny<br \/>\n&#8211; niezawodny<br \/>\n&#8211; \u0142atwy w obs\u0142udze<br \/>\n<\/a><br \/>\n<\/div>\n","protected":false},"excerpt":{"rendered":"","protected":false},"author":1,"featured_media":0,"parent":0,"menu_order":-1,"comment_status":"open","ping_status":"closed","template":"template-home.php","meta":{"footnotes":""},"aioseo_notices":[],"_links":{"self":[{"href":"https:\/\/muldrato.com\/pl\/wp-json\/wp\/v2\/pages\/4"}],"collection":[{"href":"https:\/\/muldrato.com\/pl\/wp-json\/wp\/v2\/pages"}],"about":[{"href":"https:\/\/muldrato.com\/pl\/wp-json\/wp\/v2\/types\/page"}],"author":[{"embeddable":true,"href":"https:\/\/muldrato.com\/pl\/wp-json\/wp\/v2\/users\/1"}],"replies":[{"embeddable":true,"href":"https:\/\/muldrato.com\/pl\/wp-json\/wp\/v2\/comments?post=4"}],"version-history":[{"count":27,"href":"https:\/\/muldrato.com\/pl\/wp-json\/wp\/v2\/pages\/4\/revisions"}],"predecessor-version":[{"id":565,"href":"https:\/\/muldrato.com\/pl\/wp-json\/wp\/v2\/pages\/4\/revisions\/565"}],"wp:attachment":[{"href":"https:\/\/muldrato.com\/pl\/wp-json\/wp\/v2\/media?parent=4"}],"curies":[{"name":"wp","href":"https:\/\/api.w.org\/{rel}","templated":true}]}}