{"id":598,"date":"2023-01-12T19:54:37","date_gmt":"2023-01-12T18:54:37","guid":{"rendered":"https:\/\/muldrato.com\/pl\/?page_id=598"},"modified":"2023-01-12T19:55:02","modified_gmt":"2023-01-12T18:55:02","slug":"polityka-prywatnosci","status":"publish","type":"page","link":"https:\/\/muldrato.com\/pl\/polityka-prywatnosci\/","title":{"rendered":"Polityka prywatno\u015bci"},"content":{"rendered":"<p>Polityka prywatnos\u0301ci i cookies strony internetowej<\/p>\n<p>&nbsp;<\/p>\n<h2>I. Informacje og\u00f3lne<\/h2>\n<p>&nbsp;<\/p>\n<ol>\n<li>Polityka prywatnos\u0301ci i cookies dotyczy przetwarzania danych osobowych przez \u2013CADWORK Poland sp. z o.o. i stosowania cookies.<\/li>\n<li>Strona Internetowa realizuje funkcje pozyskiwania informacji o Klientach i ich zachowaniu w naste\u0328puja\u0328cy spos\u00f3b:\n<ol>\n<li>poprzez dobrowolnie wprowadzone w formularzach informacje.<\/li>\n<li>poprzez zapisywanie w urza\u0328dzeniach kon\u0301cowych pliki cookies ( &#8222;ciasteczka\u201d).<\/li>\n<li>poprzez gromadzenie log\u00f3w serwera www przez operatora hostingowego strony internetowej (konieczne do poprawnego \u00a0\u00a0\u00a0\u00a0\u00a0\u00a0\u00a0\u00a0\u00a0\u00a0\u00a0\u00a0\u00a0\u00a0\u00a0\u00a0\u00a0\u00a0\u00a0\u00a0\u00a0\u00a0\u00a0\u00a0\u00a0\u00a0\u00a0\u00a0\u00a0\u00a0\u00a0 dzia\u0142ania serwisu)<\/li>\n<\/ol>\n<\/li>\n<\/ol>\n<h2>II. Informacje w formularzach<\/h2>\n<p>&nbsp;<\/p>\n<ol>\n<li>CADWORK Poland sp. z o.o. zbiera informacje podane dobrowolnie przez<\/li>\n<li>CADWORK Poland sp. z o.o. moz\u0307e zapisac\u0301 automatycznie informacje o parametrach po\u0142a\u0328czenia (oznaczenie czasu, adres IP).<\/li>\n<li>Dane w formularzu nie sa\u0328 udoste\u0328pniane podmiotom trzecim inaczej, niz\u0307 za zgoda\u0328 Klienta, chyba, z\u0307e poniz\u0307ej okres\u0301lono inaczej (wynika z przepis\u00f3w prawa).<\/li>\n<li>Dane podane w formularzu sa\u0328 przetwarzane w celu wynikaja\u0328cym z funkcji konkretnego formularza, np. w celu odpowiedzi na zapytanie.<\/li>\n<\/ol>\n<h2>III. Informacja o plikach cookies<\/h2>\n<p>&nbsp;<\/p>\n<ol>\n<li>Strona Internetowa korzysta z plik\u00f3w cookies.<\/li>\n<li>Pliki cookies (tzw. ciasteczka) stanowia\u0328 dane informatyczne, w szczeg\u00f3lnos\u0301ci pliki tekstowe, kt\u00f3re przechowywane sa\u0328 w urza\u0328dzeniu kon\u0301cowym Klienta i przeznaczone sa\u0328 do korzystania ze strony internetowej. Cookies zazwyczaj zawieraja\u0328 nazwe\u0328 strony internetowej, z kt\u00f3rej pochodza\u0328, czas przechowywania ich na urza\u0328dzeniu kon\u0301cowym oraz unikalny numer.<\/li>\n<li>Podmiotem zamieszczaja\u0328cym na urza\u0328dzeniu kon\u0301cowym Klienta pliki cookies oraz uzyskuja\u0328cym do nich doste\u0328p jest operator Strona internetowa CADWORK Poland sp. z o.o. Pliki cookies wykorzystywane sa\u0328 w naste\u0328puja\u0328cych celach:\n<ol>\n<li>tworzenia statystyk, kt\u00f3re pomagaja\u0328 zrozumiec\u0301, w jaki spos\u00f3b odwiedzaj\u0105cy stron\u0119 internetow\u0105 korzystaja\u0328 ze strony internetowej, co umoz\u0307liwia ulepszanie ich struktury i zawartos\u0301ci;<\/li>\n<li>okres\u0301lania profilu Klienta w celu wys\u0301wietlania mu dopasowanych materia\u0142\u00f3w w sieciach reklamowych, w szczeg\u00f3lnos\u0301ci sieci Google<\/li>\n<\/ol>\n<\/li>\n<li>W ramach Strony internetowej stosowane sa\u0328 dwa zasadnicze rodzaje plik\u00f3w cookies: \u201esesyjne&#8221; (session cookies) oraz \u201esta\u0142e&#8221; (persistent cookies). Cookies \u201esesyjne&#8221; sa\u0328 plikami tymczasowymi, kt\u00f3re przechowywane sa\u0328 w urza\u0328dzeniu kon\u0301cowym Klienta do czasu wylogowania, opuszczenia strony internetowej lub wy\u0142a\u0328czenia oprogramowania (przegla\u0328darki internetowej). \u201eSta\u0142e&#8221; pliki cookies przechowywane sa\u0328 w urza\u0328dzeniu kon\u0301cowym Klienta przez czas okres\u0301lony w parametrach plik\u00f3w cookies lub do czasu ich usunie\u0328cia przez Klienta.<\/li>\n<li>Oprogramowanie do przegla\u0328dania stron Internetowych (przegla\u0328darka internetowa) zazwyczaj domys\u0301lnie dopuszcza przechowywanie plik\u00f3w cookies w urza\u0328dzeniu kon\u0301cowym Klienta. Klienci moga\u0328 dokonac\u0301 zmiany ustawien\u0301 w tym zakresie.<br \/>\nPrzegla\u0328darka internetowa umoz\u0307liwia usunie\u0328cie plik\u00f3w cookies. Moz\u0307liwe jest takz\u0307e automatyczne blokowanie plik\u00f3w cookies. Szczeg\u00f3\u0142owe informacje na ten temat zawiera pomoc lub dokumentacja przegla\u0328darki internetowej.<\/li>\n<li>Ograniczenia stosowania plik\u00f3w cookies moga\u0328 wp\u0142yna\u0328c\u0301 na niekt\u00f3re funkcjonalnos\u0301ci doste\u0328pne na stronie internetowej.<\/li>\n<li>Pliki cookies zamieszczane w urza\u0328dzeniu kon\u0301cowym Klienta i wykorzystywane moga\u0328 byc\u0301 r\u00f3wniez\u0307 przez wsp\u00f3\u0142pracuja\u0328cych ze stronami internetowymi reklamodawc\u00f3w oraz partner\u00f3<\/li>\n<li>Pliki cookies moga\u0328 byc\u0301 wykorzystane przez sieci reklamowe, w szczeg\u00f3lnos\u0301ci siec\u0301 Google, do wys\u0301wietlenia reklam dopasowanych do sposobu, w jaki Klient korzysta ze strony internetowej. W tym celu moga\u0328 zachowac\u0301 informacje\u0328 o s\u0301ciez\u0307ce nawigacji Klienta lub czasie pozostawania na danej stronie.<\/li>\n<li>Klient moz\u0307e nie wyrazic\u0301 zgody na przetwarzanie plik\u00f3w cookies nie akceptuja\u0328c zgody na ich przetwarzanie wys\u0301wietlaja\u0328cej sie\u0328 na stronie (moz\u0307e to spowodowac\u0301 niepoprawne dzia\u0142anie serwisu). W zakresie informacji o preferencjach Klienta gromadzonych przez siec\u0301 reklamowa\u0328 Google Klient moz\u0307e przegla\u0328dac\u0301 i edytowac\u0301 informacje wynikaja\u0328ce z plik\u00f3w cookies przy pomocy narze\u0328dzia: https:\/\/www.google.com\/ads\/preferences\/.<\/li>\n<\/ol>\n<h2>IV. Logi serwera<\/h2>\n<p>&nbsp;<\/p>\n<ol>\n<li>Informacje o niekt\u00f3rych zachowaniach Klient\u00f3w podlegaja\u0328 logowaniu w warstwie serwerowej.<br \/>\nDane te sa\u0328 wykorzystywane wy\u0142a\u0328cznie w celu administrowania stron\u0105 internetow\u0105 oraz w celu zapewnienia jak najbardziej sprawnej obs\u0142ugi s\u0301wiadczonych us\u0142ug hostingowych.<\/li>\n<li>Przegla\u0328dane zasoby identyfikowane sa\u0328 poprzez adresy URL. Ponadto zapisowi moga\u0328 podlegac\u0301:\n<ol>\n<li>czas nadejs\u0301cia zlecenia lub zapytania,<\/li>\n<li>czas wys\u0142ania odpowiedzi,<\/li>\n<li>nazwe\u0328 stacji klienta &#8211; identyfikacja realizowana przez protok\u00f3\u0142 HTTP,<\/li>\n<li>informacje o b\u0142e\u0328dach jakie nasta\u0328pi\u0142y przy realizacji transakcji HTTP,<\/li>\n<li>adres URL strony poprzednio odwiedzanej przez Klienta (referer link) \u2013 w przypadku gdy przejs\u0301cie do strony internetowej nasta\u0328pi\u0142o przez odnos\u0301nik,<\/li>\n<li>Informacje o przegla\u0328darce Klienta, g. informacje o adresie IP. Dane powyz\u0307sze nie sa\u0328 kojarzone z konkretnymi osobami przegla\u0328daja\u0328cymi strony &#8211; w rozumieniu przepis\u00f3w prawa sa\u0328 anonimowe.<\/li>\n<li>Dane powyz\u0307sze sa\u0328 wykorzystywane jedynie dla cel\u00f3w administrowania serwerem.<\/li>\n<\/ol>\n<\/li>\n<\/ol>\n<h2>V. Udoste\u0328pnienie danych<\/h2>\n<p>&nbsp;<\/p>\n<ol>\n<li>Dane podlegaja\u0328 udoste\u0328pnieniu podmiotom zewne\u0328trznym wy\u0142a\u0328cznie w granicach prawnie dozwolonych.<\/li>\n<li>CADWORK Poland sp. z o.o. moz\u0307e miec\u0301 obowia\u0328zek udzielania informacji zebranych przez Strona Internetowa upowaz\u0307nionym organom na podstawie zgodnych z prawem z\u0307a\u0328dan\u0301 w zakresie wynikaja\u0328cym z z\u0307a\u0328dania.<\/li>\n<li>W takim przypadku Klienci zostana\u0328 poinformowani o nowym administratorze ich danych osobowych zgodnie z obowia\u0328zuja\u0328cymi przepisami.<\/li>\n<li>Odbiorcami danych moga\u0328 byc\u0301 podmioty zajmuja\u0328ce sie\u0328 obs\u0142uga\u0328 informatyczna\u0328 administratora danych.<\/li>\n<\/ol>\n<h2>VI. Zabezpieczenie danych osobowych<\/h2>\n<p>&nbsp;<\/p>\n<ol>\n<li>Strona Internetowa CADWORK Poland sp. z o.o. dba o bezpieczen\u0301stwo danych osobowych Klient\u00f3w, dlatego wsze\u0328dzie tam, gdzie wymagane jest podawanie danych osobowych, po\u0142a\u0328czenie mie\u0328dzy Klientem a serwerem jest szyfrowane. Dzie\u0328ki temu Klienci nie musza\u0328 sie\u0328 martwic\u0301, z\u0307e dane przesy\u0142ane z lub do serwera zostana\u0328 przez kogos\u0301 podejrzane, przechwycone i wykorzystane.<\/li>\n<li>Administratorem danych osobowych jest CADWORK Poland sp. Z o.o. ul. Wroc\u0142awska 43A\/4, Krak\u00f3w 32-083. Kontakt do Inspektora Ochrony Danych osobowych: info@cad2cad.com<\/li>\n<li>Dane osobowe zosta\u0142y przekazane s\u0301wiadomie i dobrowolnie oraz be\u0328da\u0328 przetwarzane wy\u0142a\u0328cznie w celach opisanych w paragrafach III pkt 4, IV pkt 4 oraz w V pkt 4 niniejszego dokumentu.<\/li>\n<li>Bez wyraz\u0301nej zgody dane osobowe nie be\u0328da\u0328 udoste\u0328pniane innym odbiorcom danych, poza podwykonawcami naszych us\u0142ug informatycznych w celach utrzymania systemu.<\/li>\n<\/ol>\n<h2>VII. Zmiana, poprawianie, usuwanie, przetwarzanie danych osobowych.<\/h2>\n<p>&nbsp;<\/p>\n<ol>\n<li>Zgodnie z Rozporz\u0105dzeniem Parlamentu Europejskiego i Rady (UE) 2016\/679 z dnia 27 kwietnia 2016 roku, w sprawie ochrony os\u00f3b fizycznych w zwia\u0328zku z przetwarzaniem danych osobowych i w sprawie swobodnego przep\u0142ywu takich danych oraz uchylenia dyrektywy 95\/46\/WE (og\u00f3lne rozporza\u0328dzenie o ochronie danych) CADWORK Poland sp. z o.o. zapewnia Klientom swobodny doste\u0328p do danych osobowych, ich zmiane\u0328, zapomnienie, poprawianie oraz usuwanie.<\/li>\n<li>Wszelkie informacje odnos\u0301nie doste\u0328pu, zmiany, poprawiania oraz usuwania swoich danych osobowych, uzyskaja\u0328 Pan\u0301stwo kontaktuja\u0328c sie\u0328 z naszym Dzia\u0142em Obs\u0142ugi Klienta \u2013 <a href=\"tel:12\">tel:12<\/a> 6307793 i ba\u0328dz\u0301 poprzez formularz kontaktowy znajduja\u0328cy sie\u0328 na stronie internetowej: www.cad2cad.com<\/li>\n<li>W razie jakichkolwiek pytan\u0301 prosimy o kontakt do naszego Inspektora Danych Osobowych: info@cad2cad.com<\/li>\n<li>CADWORK Poland sp. z o.o. uz\u0307ywa zautomatyzowanego przetwarzania danych osobowych, jakim jest profilowanie w celu dostosowania oferty do osobistych preferencji Klienta.<\/li>\n<li>Klient ma prawo do wniesienia skargi do organu nadzorczego.<\/li>\n<li>Opis jak wycofac\u0301 zgode\u0328 na przetwarzanie plik\u00f3w cookies znajduje sie\u0328 w paragrafie IX niniejszego dokumentu.<\/li>\n<li>Zgody na przetwarzanie danych osobowych zawsze maja\u0328 podany czas przez jaki obowia\u0328zuja\u0328, w przypadku braku okres\u0301lenia owego terminu obowia\u0328zuja\u0328 do czasu ewentualnego odwo\u0142ania zgody, a po takim odwo\u0142aniu, przez okres przedawnienia roszczen\u0301 przys\u0142uguja\u0328cych administratorowi danych i w stosunku do niego, chyba z\u0307e przetwarzanie odbywa sie\u0328 na podstawie innych przepis\u00f3w prawa niz\u0307 wyraz\u0307ona zgoda.<\/li>\n<\/ol>\n<h2>VIII. Zarza\u0328dzanie plikami cookies &#8211; jak w praktyce wyraz\u0307ac\u0301 i cofac\u0301 zgode\u0328?<\/h2>\n<p>&nbsp;<\/p>\n<ol>\n<li>Jes\u0301li Klient nie chce korzystac\u0301 z plik\u00f3w cookies, moz\u0307e zmienic\u0301 ustawienia przegla\u0328darki. Zastrzegamy, z\u0307e wy\u0142a\u0328czenie obs\u0142ugi plik\u00f3w cookies niezbe\u0328dnych dla proces\u00f3w uwierzytelniania, bezpieczen\u0301stwa, utrzymania preferencji Klienta moz\u0307e utrudnic\u0301, a w skrajnych przypadkach moz\u0307e uniemoz\u0307liwic\u0301 korzystanie ze strony internetowej<\/li>\n<li>W celu zarza\u0328dzania ustawieniami cookies wybierz z listy poniz\u0307ej przegla\u0328darke\u0328 internetowa\u0328\/ system i poste\u0328puj zgodnie z instrukcjami:\n<ol>\n<li><a href=\"https:\/\/support.microsoft.com\/pl-pl\/help\/196955\">Internet Explorer <\/a><\/li>\n<li><a href=\"https:\/\/support.google.com\/chrome\/answer\/95647?hl=pl\">Chrome<\/a><\/li>\n<li><a href=\"https:\/\/support.mozilla.org\/pl\/kb\/W%C5%82%C4%85czanie%20i%20wy%C5%82%C4%85czanie%20obs%C5%82ugi%20ciasteczek\">Safari<\/a><\/li>\n<li><a href=\"https:\/\/support.mozilla.org\/pl\/kb\/W%C5%82%C4%85czanie%20i%20wy%C5%82%C4%85czanie%20obs%C5%82ugi%20ciasteczek\">Firefox <\/a><\/li>\n<li><a href=\"http:\/\/help.opera.com\/Windows\/12.10\/pl\/cookies.html\">Opera <\/a><\/li>\n<li><a href=\"https:\/\/support.google.com\/chrome\/answer\/95647?hl=pl\">Android <\/a><\/li>\n<li><a href=\"https:\/\/support.apple.com\/pl-pl\/HT201265\">Safari (iOS)<\/a><\/li>\n<li><a href=\"https:\/\/support.microsoft.com\/pl-pl\/help\/11696\/windows-phone-7\">Windows Phone <\/a><\/li>\n<li><a href=\"http:\/\/help.blackberry.com\/en\/smartphone_users\/deliverables\/32004\/Turn_off_cookies_in_the_browser_60_1072866_11.jsp\">Blackberry<\/a><\/li>\n<\/ol>\n<\/li>\n<\/ol>\n","protected":false},"excerpt":{"rendered":"<p>Polityka prywatnos\u0301ci i cookies strony internetowej &nbsp; I. Informacje og\u00f3lne &nbsp; Polityka prywatnos\u0301ci i cookies dotyczy przetwarzania danych osobowych przez \u2013CADWORK Poland sp. z o.o. i stosowania cookies. Strona Internetowa realizuje funkcje pozyskiwania informacji o Klientach i ich zachowaniu w &hellip; <a href=\"https:\/\/muldrato.com\/pl\/polityka-prywatnosci\/\">Kontynuuj<\/a><\/p>\n","protected":false},"author":1,"featured_media":0,"parent":0,"menu_order":0,"comment_status":"closed","ping_status":"closed","template":"","meta":{"footnotes":""},"aioseo_notices":[],"_links":{"self":[{"href":"https:\/\/muldrato.com\/pl\/wp-json\/wp\/v2\/pages\/598"}],"collection":[{"href":"https:\/\/muldrato.com\/pl\/wp-json\/wp\/v2\/pages"}],"about":[{"href":"https:\/\/muldrato.com\/pl\/wp-json\/wp\/v2\/types\/page"}],"author":[{"embeddable":true,"href":"https:\/\/muldrato.com\/pl\/wp-json\/wp\/v2\/users\/1"}],"replies":[{"embeddable":true,"href":"https:\/\/muldrato.com\/pl\/wp-json\/wp\/v2\/comments?post=598"}],"version-history":[{"count":2,"href":"https:\/\/muldrato.com\/pl\/wp-json\/wp\/v2\/pages\/598\/revisions"}],"predecessor-version":[{"id":600,"href":"https:\/\/muldrato.com\/pl\/wp-json\/wp\/v2\/pages\/598\/revisions\/600"}],"wp:attachment":[{"href":"https:\/\/muldrato.com\/pl\/wp-json\/wp\/v2\/media?parent=598"}],"curies":[{"name":"wp","href":"https:\/\/api.w.org\/{rel}","templated":true}]}}