{"id":64,"date":"2014-06-16T00:17:26","date_gmt":"2014-06-15T22:17:26","guid":{"rendered":"http:\/\/muldrato.com\/?page_id=64"},"modified":"2019-08-01T13:25:17","modified_gmt":"2019-08-01T11:25:17","slug":"co-to-jest-muldrato","status":"publish","type":"page","link":"https:\/\/muldrato.com\/pl\/co-to-jest-muldrato\/","title":{"rendered":"Co to jest muldrato?"},"content":{"rendered":"<div class=\"row \"><div class=\"col-lg-9 col-md-9 col-xs-12 col-sm-9\"><\/p>\n<h3 style=\"text-align: center;\">Informacje o Muldrato\u00a9<\/h3>\n<p>&nbsp;<\/p>\n<p style=\"text-align: center;\"><span style=\"color: #000000;\"><em><span style=\"font-family: 'Times New Roman', serif;\"><span style=\"font-size: x-large;\"><span style=\"font-family: Arial, sans-serif;\"><span style=\"font-size: medium;\">Perfekcyjne narz\u0119dzie do tworzenia s\u0142ownik\u00f3w pozwalaj\u0105cych na precyzyjne i szybkie t\u0142umaczenie plik\u00f3w DXF\/DWG<\/span><\/span><\/span><\/span><\/em><\/span><\/p>\n<p>&nbsp;<\/p>\n<p><span style=\"color: #000000;\"><strong><span style=\"color: #3366ff;\">Muldrato\u00a9<\/span><\/strong>\u00a0jest gwarancj\u0105 oszcz\u0119dno\u015bci czasu i koszt\u00f3w przy jednoczesnym zachowaniu najwy\u017cszej jako\u015bci t\u0142umaczenia dokumentacji CAD zapisanej w formacie DXF\/DWG.<\/span><\/p>\n<p><span style=\"color: #000000;\">Program sk\u0142ada si\u0119 z pi\u0119ciu wydajnych narz\u0119dzi:<\/span><\/p>\n<ul>\n<li><span style=\"color: #000000;\"><a href=\"http:\/\/muldrato.com\/muldrato\/wp-content\/uploads\/2014\/08\/m.png\"><img loading=\"lazy\" decoding=\"async\" class=\"alignnone wp-image-225\" src=\"http:\/\/muldrato.com\/muldrato\/wp-content\/uploads\/2014\/08\/m-150x150.png\" alt=\"\" width=\"13\" height=\"16\" \/><\/a>=Eksporter z automatyczn\u0105 funkcj\u0105 optymalizacji tekst\u00f3w,<\/span><\/li>\n<li><span style=\"color: #000000;\"><a href=\"http:\/\/muldrato.com\/muldrato\/wp-content\/uploads\/2014\/08\/m.png\"><img loading=\"lazy\" decoding=\"async\" class=\"alignnone wp-image-225\" src=\"http:\/\/muldrato.com\/muldrato\/wp-content\/uploads\/2014\/08\/m-150x150.png\" alt=\"\" width=\"14\" height=\"16\" \/><\/a>=Narz\u0119dzie do edycji tabeli t\u0142umaczeniowej i jej optymalizacji,<\/span><\/li>\n<li><span style=\"color: #000000;\"><a href=\"http:\/\/muldrato.com\/muldrato\/wp-content\/uploads\/2014\/08\/m.png\"><img loading=\"lazy\" decoding=\"async\" class=\"alignnone wp-image-225\" src=\"http:\/\/muldrato.com\/muldrato\/wp-content\/uploads\/2014\/08\/m-150x150.png\" alt=\"\" width=\"14\" height=\"16\" \/><\/a>=Importer tekstu (modu\u0142 t\u0142umaczenia),<\/span><\/li>\n<li><span style=\"color: #000000;\"><a href=\"http:\/\/muldrato.com\/muldrato\/wp-content\/uploads\/2014\/08\/m.png\"><img loading=\"lazy\" decoding=\"async\" class=\"alignnone wp-image-225\" src=\"http:\/\/muldrato.com\/muldrato\/wp-content\/uploads\/2014\/08\/m-150x150.png\" alt=\"\" width=\"14\" height=\"16\" \/><\/a>=Analizator czcionek, tekst\u00f3w i rysunk\u00f3w,<\/span><\/li>\n<li><span style=\"color: #000000;\"><a href=\"http:\/\/muldrato.com\/muldrato\/wp-content\/uploads\/2014\/08\/m.png\"><img loading=\"lazy\" decoding=\"async\" class=\"alignnone wp-image-225\" src=\"http:\/\/muldrato.com\/muldrato\/wp-content\/uploads\/2014\/08\/m-150x150.png\" alt=\"\" width=\"14\" height=\"16\" \/><\/a>=Synchroniczny podgl\u0105d rysunku oryginalnego i wyniku t\u0142umaczenia.<\/span><\/li>\n<\/ul>\n<p>&nbsp;<\/p>\n<p><span style=\"color: #000000;\">Korzy\u015bci p\u0142yn\u0105ce z\u00a0<strong><span style=\"color: #3366ff;\">Muldrato\u00a9<\/span><\/strong><\/span><\/p>\n<ul>\n<li><span style=\"color: #000000;\">Posiadanie systemu CAD nie jest konieczne do t\u0142umaczenia,<\/span><\/li>\n<li><span style=\"color: #000000;\">Niskie koszty t\u0142umaczenia,<\/span><\/li>\n<li><span style=\"color: #000000;\">Brak potrzeby manualnego przetwarzania i przegl\u0105dania rysunk\u00f3w,<\/span><\/li>\n<li><span style=\"color: #000000;\">Zastosowanie s\u0142ownik\u00f3w na nieograniczonej liczbie rysunk\u00f3w,<\/span><\/li>\n<li><span style=\"color: #000000;\">Mo\u017cliwo\u015b\u0107 ponownego u\u017cycia s\u0142ownik\u00f3w,<\/span><\/li>\n<li><span style=\"color: #000000;\">T\u0142umaczenie tekst\u00f3w 1:1 (brak losowo\u015bci),<\/span><\/li>\n<li><span style=\"color: #000000;\">Filtry i parametry selekcji redukuj\u0105 liczb\u0119 fraz\/tekst\u00f3w do przet\u0142umaczenia do minimum.<\/span><\/li>\n<\/ul>\n<p><span style=\"color: #000000;\">\u00a0<\/span><\/p>\n<p><span style=\"color: #000000;\">Aby zapewni\u0107 Klientom komfort wyboru nasze programy do t\u0142umaczenia dokumentacji technicznej sk\u0142adaj\u0105 si\u0119 z modu\u0142\u00f3w standardowych (wbudowanych w program na sta\u0142e) oraz dodatkowych (dobierane wed\u0142ug zyczenia Klienta).<\/span><\/p>\n<p>&nbsp;<\/p>\n<p><span style=\"color: #000000;\"><strong><span style=\"color: #3366ff;\">Muldrato\u00a9<\/span>: Funkcje standardowe:<\/strong><\/span><\/p>\n<ul>\n<li><span style=\"color: #000000;\">Eksport\/import tekst\u00f3w z tabeli t\u0142umaczeniowej do XLIFF-a, MS EXCEL-a<\/span><\/li>\n<li><span style=\"color: #000000;\">Funkcja wyszukiwania tekst\u00f3w w tabeli<\/span><\/li>\n<li><span style=\"color: #000000;\">Wyra\u017cenia regularne- funkcja umo\u017cliwia ignorowanie lub szukanie przy u\u017cyciu wzorca<\/span><\/li>\n<li><span style=\"color: #000000;\">Plik fraz ignorowanych- zbi\u00f3r fraz, kt\u00f3re nie trafiaj\u0105 do tabeli t\u0142umaczeniowej i w rysunku przet\u0142umaczonym pozostaj\u0105 bez zmian<\/span><\/li>\n<li><span style=\"color: #000000;\">Wildcard-y (wieloznaczniki) w tabeli t\u0142umaczeniowej pozwalaj\u0105 zoptymalizowa\u0107 list\u0119 tekst\u00f3w do t\u0142umaczenia<\/span><\/li>\n<li><span style=\"color: #000000;\">Automatyczne generowanie Wildcards (wieloznacznik\u00f3w)<\/span><\/li>\n<li><span style=\"color: #000000;\">Zaawansowana funkcja podmiany czcionek<\/span><\/li>\n<li><span style=\"color: #000000;\">Wielokrotna konwersja- t\u0142umaczenie wielu rysunk\u00f3w za jednym razem<\/span><\/li>\n<li><span style=\"color: #000000;\">Podgl\u0105d &#8222;na \u017cywo&#8221; t\u0142umaczonego rysunku<\/span><\/li>\n<li><span style=\"color: #000000;\">Analiza- wyszukiwanie problem\u00f3w zwi\u0105zanych z szeroko\u015bci\u0105 tekst\u00f3w, czcionk\u0105, formatowaniem<\/span><\/li>\n<li><span style=\"color: #000000;\">Kryteria selekcji- filtrowanie tekst\u00f3w po warstwach, layoutach i typach<\/span><\/li>\n<li><span style=\"color: #000000;\">Eksport przet\u0142umaczonego rysunku do PDF-a<\/span><\/li>\n<li><span style=\"color: #000000;\">Tworzenie plik\u00f3w z kilkoma warstwami j\u0119zykowymi<\/span><\/li>\n<li><span style=\"color: #000000;\">Automatyczne dopasowywanie szeroko\u015bci tekstu<\/span><\/li>\n<li>Integracja tabeli t\u0142umaczeniowej z chmur\u0105 <a href=\"http:\/\/xtm-intl.com\/\" target=\"_blank\" rel=\"noopener noreferrer\"><strong><span style=\"color: #3366ff;\">XTM<\/span><\/strong><\/a><\/li>\n<\/ul>\n<p><span style=\"color: #000000;\">\u00a0<\/span><\/p>\n<p><span style=\"color: #000000;\"><strong><span style=\"color: #3366ff;\">Muldrato\u00a9<\/span>: Funkcje dodatkowe:<\/strong><\/span><\/p>\n<ul>\n<li><span style=\"color: #000000;\">Pamie\u0107 t\u0142umaczeniowa przechowuje tekst \u017ar\u00f3d\u0142owy\u00a0i koresponduj\u0105ce t\u0142umaczenie w parach j\u0119zykowych zwanych \u201cjednostkami t\u0142umaczeniowymi&#8221;.<\/span><\/li>\n<li><span style=\"color: #000000;\">Command line- pozwala na wywo\u0142anie programu z wiersza polece\u0144.<\/span><\/li>\n<\/ul>\n<p><span style=\"color: #000000;\">\u00a0<\/span><\/p>\n<p><span style=\"color: #000000;\"><strong>Zalety <strong><span style=\"color: #3366ff;\">Muldrato\u00a9<\/span><\/strong><span style=\"color: #3366ff;\">:<\/span><\/strong><\/span><\/p>\n<p style=\"padding-left: 30px;\"><a style=\"color: #000000;\" href=\"http:\/\/muldrato.com\/muldrato\/wp-content\/uploads\/2014\/08\/m.png\"><img loading=\"lazy\" decoding=\"async\" class=\"alignnone wp-image-225\" src=\"http:\/\/muldrato.com\/muldrato\/wp-content\/uploads\/2014\/08\/m-150x150.png\" alt=\"\" width=\"14\" height=\"16\" \/><\/a>\u00a0<span style=\"color: #000000;\">Program jest autonomiczn\u0105 i niezale\u017cn\u0105 aplikacj\u0105 od system\u00f3w CAD,<\/span><br \/>\n<a href=\"http:\/\/muldrato.com\/muldrato\/wp-content\/uploads\/2014\/08\/m.png\"><img loading=\"lazy\" decoding=\"async\" class=\"alignnone wp-image-225\" src=\"http:\/\/muldrato.com\/muldrato\/wp-content\/uploads\/2014\/08\/m-150x150.png\" alt=\"\" width=\"14\" height=\"16\" \/><\/a><span style=\"color: #000000;\">\u00a0T\u0142umaczy wszystkie wybrane teksty w rysunkach CAD (DXF\/DWG),<\/span><br \/>\n<a href=\"http:\/\/muldrato.com\/muldrato\/wp-content\/uploads\/2014\/08\/m.png\"><img loading=\"lazy\" decoding=\"async\" class=\"alignnone wp-image-225\" src=\"http:\/\/muldrato.com\/muldrato\/wp-content\/uploads\/2014\/08\/m-150x150.png\" alt=\"\" width=\"14\" height=\"16\" \/><\/a>\u00a0<span style=\"color: #000000;\">Eksportuje wszystkie unikalne teksty z rysunk\u00f3w,<\/span><br \/>\n<a href=\"http:\/\/muldrato.com\/muldrato\/wp-content\/uploads\/2014\/08\/m.png\"><img loading=\"lazy\" decoding=\"async\" class=\"alignnone wp-image-225\" src=\"http:\/\/muldrato.com\/muldrato\/wp-content\/uploads\/2014\/08\/m-150x150.png\" alt=\"\" width=\"14\" height=\"16\" \/><\/a>\u00a0<span style=\"color: #000000;\">Zapewnia kompletno\u015b\u0107 tabeli t\u0142umaczeniowej, a co za tym idzie &#8211; kompletno\u015b\u0107 t\u0142umaczenia,<\/span><br \/>\n<a href=\"http:\/\/muldrato.com\/muldrato\/wp-content\/uploads\/2014\/08\/m.png\"><img loading=\"lazy\" decoding=\"async\" class=\"alignnone wp-image-225\" src=\"http:\/\/muldrato.com\/muldrato\/wp-content\/uploads\/2014\/08\/m-150x150.png\" alt=\"\" width=\"14\" height=\"16\" \/><\/a>\u00a0<span style=\"color: #000000;\">Generuje i aktualizuje s\u0142owniki<\/span><span style=\"color: #000000;\"><br \/>\n<a href=\"http:\/\/muldrato.com\/muldrato\/wp-content\/uploads\/2014\/08\/m.png\"><img loading=\"lazy\" decoding=\"async\" class=\"alignnone wp-image-225\" src=\"http:\/\/muldrato.com\/muldrato\/wp-content\/uploads\/2014\/08\/m-150x150.png\" alt=\"\" width=\"14\" height=\"16\" \/><\/a>\u00a0<span style=\"color: #000000;\">Filtruje i lokalizuje &#8222;problematyczne&#8221; teksty\/frazy,<\/span><br \/>\n<a href=\"http:\/\/muldrato.com\/muldrato\/wp-content\/uploads\/2014\/08\/m.png\"><img loading=\"lazy\" decoding=\"async\" class=\"alignnone wp-image-225\" src=\"http:\/\/muldrato.com\/muldrato\/wp-content\/uploads\/2014\/08\/m-150x150.png\" alt=\"\" width=\"14\" height=\"16\" \/><\/a>\u00a0<span style=\"color: #000000;\">Udost\u0119pnia zaawansowane narz\u0119dzia i funkcje kontroli procesu t\u0142umaczenia,<\/span><br \/>\n<a href=\"http:\/\/muldrato.com\/muldrato\/wp-content\/uploads\/2014\/08\/m.png\"><img loading=\"lazy\" decoding=\"async\" class=\"alignnone wp-image-225\" src=\"http:\/\/muldrato.com\/muldrato\/wp-content\/uploads\/2014\/08\/m-150x150.png\" alt=\"\" width=\"14\" height=\"16\" \/><\/a>\u00a0Pozwala na elastyczny wyb\u00f3r parametr\u00f3w kontroli t\u0142umaczenia,<br \/>\n<a href=\"http:\/\/muldrato.com\/muldrato\/wp-content\/uploads\/2014\/08\/m.png\"><img loading=\"lazy\" decoding=\"async\" class=\"alignnone wp-image-225\" src=\"http:\/\/muldrato.com\/muldrato\/wp-content\/uploads\/2014\/08\/m-150x150.png\" alt=\"\" width=\"14\" height=\"16\" \/><\/a>\u00a0<span style=\"color: #000000;\">Posiada liczne kryteria wyboru tekstu, warstw, atrybut\u00f3w itp.,<\/span><br \/>\n<a href=\"http:\/\/muldrato.com\/muldrato\/wp-content\/uploads\/2014\/08\/m.png\"><img loading=\"lazy\" decoding=\"async\" class=\"alignnone wp-image-225\" src=\"http:\/\/muldrato.com\/muldrato\/wp-content\/uploads\/2014\/08\/m-150x150.png\" alt=\"\" width=\"14\" height=\"16\" \/><\/a>\u00a0<span style=\"color: #000000;\">Filtruje wyra\u017cenia regularne i symbole wieloznaczne,<\/span><br \/>\n<a href=\"http:\/\/muldrato.com\/muldrato\/wp-content\/uploads\/2014\/08\/m.png\"><img loading=\"lazy\" decoding=\"async\" class=\"alignnone wp-image-225\" src=\"http:\/\/muldrato.com\/muldrato\/wp-content\/uploads\/2014\/08\/m-150x150.png\" alt=\"\" width=\"14\" height=\"16\" \/><\/a><span style=\"color: #000000;\">\u00a0Posiada narz\u0119dzia i funkcje do tworzenia i edycji tabeli t\u0142umaczeniowej,<\/span><br \/>\n<a href=\"http:\/\/muldrato.com\/muldrato\/wp-content\/uploads\/2014\/08\/m.png\"><img loading=\"lazy\" decoding=\"async\" class=\"alignnone wp-image-225\" src=\"http:\/\/muldrato.com\/muldrato\/wp-content\/uploads\/2014\/08\/m-150x150.png\" alt=\"\" width=\"14\" height=\"16\" \/><\/a>\u00a0Posiada narz\u0119dzia do testowania rysunk\u00f3w w odniesieniu do zawarto\u015bci,<br \/>\n<a href=\"http:\/\/muldrato.com\/muldrato\/wp-content\/uploads\/2014\/08\/m.png\"><img loading=\"lazy\" decoding=\"async\" class=\"alignnone wp-image-225\" src=\"http:\/\/muldrato.com\/muldrato\/wp-content\/uploads\/2014\/08\/m-150x150.png\" alt=\"\" width=\"14\" height=\"16\" \/><\/a>\u00a0<span style=\"color: #000000;\">Automatyczna aktualizacja tabeli t\u0142umaczeniowej,<\/span><br \/>\n<a href=\"http:\/\/muldrato.com\/muldrato\/wp-content\/uploads\/2014\/08\/m.png\"><img loading=\"lazy\" decoding=\"async\" class=\"alignnone wp-image-225\" src=\"http:\/\/muldrato.com\/muldrato\/wp-content\/uploads\/2014\/08\/m-150x150.png\" alt=\"\" width=\"14\" height=\"16\" \/><\/a><span style=\"color: #000000;\">\u00a0Wsparcie ka\u017cdego j\u0119zyka,<\/span><br \/>\n<a href=\"http:\/\/muldrato.com\/muldrato\/wp-content\/uploads\/2014\/08\/m.png\"><img loading=\"lazy\" decoding=\"async\" class=\"alignnone wp-image-225\" src=\"http:\/\/muldrato.com\/muldrato\/wp-content\/uploads\/2014\/08\/m-150x150.png\" alt=\"\" width=\"14\" height=\"16\" \/><\/a>\u00a0Ogromna szybko\u015b\u0107 t\u0142umaczenia,<br \/>\n<a href=\"http:\/\/muldrato.com\/muldrato\/wp-content\/uploads\/2014\/08\/m.png\"><img loading=\"lazy\" decoding=\"async\" class=\"alignnone wp-image-225\" src=\"http:\/\/muldrato.com\/muldrato\/wp-content\/uploads\/2014\/08\/m-150x150.png\" alt=\"\" width=\"14\" height=\"16\" \/><\/a>\u00a0Zachowuje szeroko\u015b\u0107 t\u0142umaczonego tekstu,<br \/>\n<a href=\"http:\/\/muldrato.com\/muldrato\/wp-content\/uploads\/2014\/08\/m.png\"><img loading=\"lazy\" decoding=\"async\" class=\"alignnone wp-image-225\" src=\"http:\/\/muldrato.com\/muldrato\/wp-content\/uploads\/2014\/08\/m-150x150.png\" alt=\"\" width=\"14\" height=\"16\" \/><\/a><span style=\"color: #000000;\">\u00a0Pozwala na u\u017cycie istniej\u0105cych s\u0142ownik\u00f3w (w postaci pliku XLIFF itp.),<\/span><br \/>\n<a href=\"http:\/\/muldrato.com\/muldrato\/wp-content\/uploads\/2014\/08\/m.png\"><img loading=\"lazy\" decoding=\"async\" class=\"alignnone wp-image-225\" src=\"http:\/\/muldrato.com\/muldrato\/wp-content\/uploads\/2014\/08\/m-150x150.png\" alt=\"\" width=\"14\" height=\"16\" \/><\/a>\u00a0<span style=\"color: #000000;\"> Umo\u017cliwia eksport i import tabeli t\u0142umaczeniowej do formatu MS Excel, XLIFF.<\/span><\/span><\/p>\n<p>&nbsp;<\/p>\n<p><span style=\"color: #000000;\">Muldrato pracuje na bibliotekach RealDWG\u00a9 Autodesku\u00a9 dzi\u0119ki temu znalaz\u0142 si\u0119 w gronie program\u00f3w z certyfikatem Autodesku\u00a9.<\/span><\/p>\n<p><span style=\"color: #000000;\"><\/div> <div class=\"col-lg-3 col-md-3 col-xs-12 col-sm-3\"><\/span><\/p>\n<p><a href=\"http:\/\/muldrato.com\/pl\/kontakt\/\" target=\"_blank\" rel=\"noopener noreferrer\"><img loading=\"lazy\" decoding=\"async\" class=\"aligncenter wp-image-77 size-full\" src=\"http:\/\/muldrato.com\/wp-content\/uploads\/2014\/06\/button-Muldrato.png\" alt=\"button Muldrato\" width=\"208\" height=\"69\" \/><\/a><\/p>\n<p><span style=\"color: #000000;\">Chcesz zam\u00f3wi\u0107 program do t\u0142umaczenia plik\u00f3w DXF\/DWG?\u00a0<\/span><a style=\"color: #0092cf;\" href=\"http:\/\/muldrato.com\/pl\/kontakt\/\" target=\"_blank\" rel=\"noopener noreferrer\">Napisz do nas!<\/a><\/p>\n<div style=\"color: #000000;\">\n<p>&nbsp;<\/p>\n<p><span style=\"color: #000000;\"><strong><img decoding=\"async\" src=\"http:\/\/muldrato.com\/en\/wp-content\/uploads\/sites\/2\/2014\/06\/img-srodek-1.jpg\" class=\"img-responsive oscitas-res-image\" alt=\"\"><\/strong><\/span><\/p>\n<p><span style=\"color: #000000;\"><strong>Prosty w obs\u0142udze program.<\/strong>Wystarcz\u0105 3 kroki, aby przet\u0142umaczy\u0107 dowolny rysunek zapisany w formacie DWG\/DXF:<\/span><\/p>\n<ul>\n<li><span style=\"color: #000000;\">Wybierz pliki CAD i wyeksportuj teksty. <\/span><\/li>\n<li><span style=\"color: #000000;\">Wybierz odpowiedni s\u0142ownik\/tabel\u0119 t\u0142umaczeniow\u0105. <\/span><\/li>\n<li><span style=\"color: #000000;\">Uruchom proces t\u0142umaczenia.<\/span><\/li>\n<\/ul>\n<p><span style=\"color: #333333;\"><\/div><\/span><\/p>\n<\/div>\n<p><\/div>\n","protected":false},"excerpt":{"rendered":"","protected":false},"author":1,"featured_media":0,"parent":0,"menu_order":0,"comment_status":"open","ping_status":"open","template":"template-srodek.php","meta":{"footnotes":""},"aioseo_notices":[],"_links":{"self":[{"href":"https:\/\/muldrato.com\/pl\/wp-json\/wp\/v2\/pages\/64"}],"collection":[{"href":"https:\/\/muldrato.com\/pl\/wp-json\/wp\/v2\/pages"}],"about":[{"href":"https:\/\/muldrato.com\/pl\/wp-json\/wp\/v2\/types\/page"}],"author":[{"embeddable":true,"href":"https:\/\/muldrato.com\/pl\/wp-json\/wp\/v2\/users\/1"}],"replies":[{"embeddable":true,"href":"https:\/\/muldrato.com\/pl\/wp-json\/wp\/v2\/comments?post=64"}],"version-history":[{"count":66,"href":"https:\/\/muldrato.com\/pl\/wp-json\/wp\/v2\/pages\/64\/revisions"}],"predecessor-version":[{"id":576,"href":"https:\/\/muldrato.com\/pl\/wp-json\/wp\/v2\/pages\/64\/revisions\/576"}],"wp:attachment":[{"href":"https:\/\/muldrato.com\/pl\/wp-json\/wp\/v2\/media?parent=64"}],"curies":[{"name":"wp","href":"https:\/\/api.w.org\/{rel}","templated":true}]}}